{"id":2969,"date":"2025-03-21T13:45:22","date_gmt":"2025-03-21T12:45:22","guid":{"rendered":"https:\/\/solidanca.con2webs.es\/cookies\/"},"modified":"2025-03-21T14:06:09","modified_gmt":"2025-03-21T13:06:09","slug":"cookies","status":"publish","type":"page","link":"https:\/\/solidanca.cat\/es\/cookies\/","title":{"rendered":"Cookies"},"content":{"rendered":"<style>.kb-row-layout-id2963_779802-de > .kt-row-column-wrap{align-content:start;}:where(.kb-row-layout-id2963_779802-de > .kt-row-column-wrap) > .wp-block-kadence-column{justify-content:start;}.kb-row-layout-id2963_779802-de > .kt-row-column-wrap{column-gap:var(--global-kb-gap-md, 2rem);row-gap:var(--global-kb-gap-md, 2rem);max-width:var( --global-content-width, 1290px );padding-left:var(--global-content-edge-padding);padding-right:var(--global-content-edge-padding);padding-top:var(--global-kb-spacing-sm, 1.5rem);padding-bottom:var(--global-kb-spacing-sm, 1.5rem);grid-template-columns:minmax(0, 1fr);}.kb-row-layout-id2963_779802-de > .kt-row-layout-overlay{opacity:0.30;}@media all and (max-width: 1024px){.kb-row-layout-id2963_779802-de > .kt-row-column-wrap{grid-template-columns:minmax(0, 1fr);}}@media all and (max-width: 767px){.kb-row-layout-id2963_779802-de > .kt-row-column-wrap{grid-template-columns:minmax(0, 1fr);}}<\/style><div class=\"kb-row-layout-wrap kb-row-layout-id2963_779802-de alignnone wp-block-kadence-rowlayout\"><div class=\"kt-row-column-wrap kt-has-1-columns kt-row-layout-equal kt-tab-layout-inherit kt-mobile-layout-row kt-row-valign-top kb-theme-content-width\">\n<style>.kadence-column2963_78c403-df > .kt-inside-inner-col,.kadence-column2963_78c403-df > .kt-inside-inner-col:before{border-top-left-radius:0px;border-top-right-radius:0px;border-bottom-right-radius:0px;border-bottom-left-radius:0px;}.kadence-column2963_78c403-df > .kt-inside-inner-col{column-gap:var(--global-kb-gap-sm, 1rem);}.kadence-column2963_78c403-df > .kt-inside-inner-col{flex-direction:column;}.kadence-column2963_78c403-df > .kt-inside-inner-col > .aligncenter{width:100%;}.kadence-column2963_78c403-df > .kt-inside-inner-col:before{opacity:0.3;}.kadence-column2963_78c403-df{position:relative;}@media all and (max-width: 1024px){.kadence-column2963_78c403-df > .kt-inside-inner-col{flex-direction:column;justify-content:center;}}@media all and (max-width: 767px){.kadence-column2963_78c403-df > .kt-inside-inner-col{flex-direction:column;justify-content:center;}}<\/style>\n<div class=\"wp-block-kadence-column kadence-column2963_78c403-df\"><div class=\"kt-inside-inner-col\">\n<h1 class=\"wp-block-heading\">Uso de Cookies<\/h1>\n\n\n\n<p>De acuerdo con la normativa vigente, test.solidanca.cat facilita a los usuarios informaci\u00f3n relativa a las cookies que utiliza y los motivos de su uso, as\u00ed como solicita su consentimiento para poder utilizarlas.<\/p>\n\n\n\n<p>No obstante el usuario tiene la opci\u00f3n de impedir la generaci\u00f3n de cookies y la eliminaci\u00f3n de las mismas mediante la selecci\u00f3n de la correspondiente opci\u00f3n en su navegador. En caso de bloquear el uso de las \u201ccookies\u201d en su navegador, es posible que algunos servicios o funcionalidades de la p\u00e1gina web no est\u00e9n disponibles.<\/p>\n\n\n\n<h4 class=\"wp-block-heading\">Pol\u00edtica de Cookies de Solidan\u00e7a<\/h4>\n\n\n\n<p>Utilizamos cookies con el objetivo de prestarle un mejor servicio y proporcionarle una mejor experiencia en su navegaci\u00f3n. Queremos informarle de forma clara y precisa sobre las coockies que utilizamos, detallando a continuaci\u00f3n, qu\u00e9 es una coockie, para qu\u00e9 sirve, qu\u00e9 tipo de coockies utilizamos, cu\u00e1les son sus finalidades y c\u00f3mo puedes configurarlas o deshabilitarlas si as\u00ed lo desea.<\/p>\n\n\n\n<h4 class=\"wp-block-heading\">\u00bfQu\u00e9 es una cookie y para qu\u00e9 sirve?<\/h4>\n\n\n\n<p>Una Cookie es un peque\u00f1o archivo que se almacena en el ordenador del usuario, tablet, smartphone o cualquier otro dispositivo con informaci\u00f3n sobre la navegaci\u00f3n.<\/p>\n\n\n\n<p>El conjunto de cookies de todos nuestros usuarios nos ayuda a mejorar la calidad de nuestra web, permiti\u00e9ndonos controlar qu\u00e9 p\u00e1ginas son \u00fatiles, cu\u00e1les no y cu\u00e1les son susceptibles de mejora.<\/p>\n\n\n\n<p>Las cookies son esenciales para el funcionamiento de Internet, aportando innumerables ventajas en la prestaci\u00f3n de servicios interactivos, facilit\u00e1ndote la navegaci\u00f3n y uso de nuestra web.<br\/>En ning\u00fan caso las cookies pueden da\u00f1ar a tu equipo. Por el contrario, lo que est\u00e9n activas ayuda a identificar y resolver errores.<\/p>\n<\/div><\/div>\n\n<\/div><\/div>","protected":false},"excerpt":{"rendered":"<p>Uso de Cookies De acuerdo con la normativa vigente, test.solidanca.cat facilita a los usuarios informaci\u00f3n relativa a las cookies que utiliza y los motivos de su uso, as\u00ed como solicita su consentimiento para poder utilizarlas. No obstante el usuario tiene la opci\u00f3n de impedir la generaci\u00f3n de cookies y la eliminaci\u00f3n de las mismas mediante&#8230;<\/p>\n","protected":false},"author":1,"featured_media":0,"parent":0,"menu_order":0,"comment_status":"closed","ping_status":"closed","template":"","meta":{"_uag_custom_page_level_css":"","_kad_blocks_custom_css":"","_kad_blocks_head_custom_js":"","_kad_blocks_body_custom_js":"","_kad_blocks_footer_custom_js":"","_kad_post_transparent":"","_kad_post_title":"","_kad_post_layout":"","_kad_post_sidebar_id":"","_kad_post_content_style":"","_kad_post_vertical_padding":"","_kad_post_feature":"","_kad_post_feature_position":"","_kad_post_header":false,"_kad_post_footer":false,"_kad_post_classname":"","footnotes":""},"class_list":["post-2969","page","type-page","status-publish","hentry"],"taxonomy_info":[],"featured_image_src_large":false,"author_info":{"display_name":"admin","author_link":"https:\/\/solidanca.cat\/es\/author\/empiezapori\/"},"comment_info":0,"uagb_featured_image_src":{"full":false,"thumbnail":false,"medium":false,"medium_large":false,"large":false,"1536x1536":false,"2048x2048":false},"uagb_author_info":{"display_name":"admin","author_link":"https:\/\/solidanca.cat\/es\/author\/empiezapori\/"},"uagb_comment_info":0,"uagb_excerpt":"Uso de Cookies De acuerdo con la normativa vigente, test.solidanca.cat facilita a los usuarios informaci\u00f3n relativa a las cookies que utiliza y los motivos de su uso, as\u00ed como solicita su consentimiento para poder utilizarlas. No obstante el usuario tiene la opci\u00f3n de impedir la generaci\u00f3n de cookies y la eliminaci\u00f3n de las mismas mediante...","_links":{"self":[{"href":"https:\/\/solidanca.cat\/es\/wp-json\/wp\/v2\/pages\/2969","targetHints":{"allow":["GET"]}}],"collection":[{"href":"https:\/\/solidanca.cat\/es\/wp-json\/wp\/v2\/pages"}],"about":[{"href":"https:\/\/solidanca.cat\/es\/wp-json\/wp\/v2\/types\/page"}],"author":[{"embeddable":true,"href":"https:\/\/solidanca.cat\/es\/wp-json\/wp\/v2\/users\/1"}],"replies":[{"embeddable":true,"href":"https:\/\/solidanca.cat\/es\/wp-json\/wp\/v2\/comments?post=2969"}],"version-history":[{"count":1,"href":"https:\/\/solidanca.cat\/es\/wp-json\/wp\/v2\/pages\/2969\/revisions"}],"predecessor-version":[{"id":2970,"href":"https:\/\/solidanca.cat\/es\/wp-json\/wp\/v2\/pages\/2969\/revisions\/2970"}],"wp:attachment":[{"href":"https:\/\/solidanca.cat\/es\/wp-json\/wp\/v2\/media?parent=2969"}],"curies":[{"name":"wp","href":"https:\/\/api.w.org\/{rel}","templated":true}]}}