{"id":2977,"date":"2025-03-21T13:53:08","date_gmt":"2025-03-21T12:53:08","guid":{"rendered":"https:\/\/solidanca.con2webs.es\/aviso-legal\/"},"modified":"2025-03-21T14:16:16","modified_gmt":"2025-03-21T13:16:16","slug":"aviso-legal","status":"publish","type":"page","link":"https:\/\/solidanca.cat\/es\/aviso-legal\/","title":{"rendered":"Aviso Legal"},"content":{"rendered":"<style>.kb-row-layout-id2965_ea825f-22 > .kt-row-column-wrap{align-content:start;}:where(.kb-row-layout-id2965_ea825f-22 > .kt-row-column-wrap) > .wp-block-kadence-column{justify-content:start;}.kb-row-layout-id2965_ea825f-22 > .kt-row-column-wrap{column-gap:var(--global-kb-gap-md, 2rem);row-gap:var(--global-kb-gap-md, 2rem);max-width:var( --global-content-width, 1290px );padding-left:var(--global-content-edge-padding);padding-right:var(--global-content-edge-padding);padding-top:var(--global-kb-spacing-sm, 1.5rem);padding-bottom:var(--global-kb-spacing-sm, 1.5rem);grid-template-columns:minmax(0, 1fr);}.kb-row-layout-id2965_ea825f-22 > .kt-row-layout-overlay{opacity:0.30;}@media all and (max-width: 1024px){.kb-row-layout-id2965_ea825f-22 > .kt-row-column-wrap{grid-template-columns:minmax(0, 1fr);}}@media all and (max-width: 767px){.kb-row-layout-id2965_ea825f-22 > .kt-row-column-wrap{grid-template-columns:minmax(0, 1fr);}}<\/style><div class=\"kb-row-layout-wrap kb-row-layout-id2965_ea825f-22 alignnone wp-block-kadence-rowlayout\"><div class=\"kt-row-column-wrap kt-has-1-columns kt-row-layout-equal kt-tab-layout-inherit kt-mobile-layout-row kt-row-valign-top kb-theme-content-width\">\n<style>.kadence-column2965_4cf1cf-cc > .kt-inside-inner-col,.kadence-column2965_4cf1cf-cc > .kt-inside-inner-col:before{border-top-left-radius:0px;border-top-right-radius:0px;border-bottom-right-radius:0px;border-bottom-left-radius:0px;}.kadence-column2965_4cf1cf-cc > .kt-inside-inner-col{column-gap:var(--global-kb-gap-sm, 1rem);}.kadence-column2965_4cf1cf-cc > .kt-inside-inner-col{flex-direction:column;}.kadence-column2965_4cf1cf-cc > .kt-inside-inner-col > .aligncenter{width:100%;}.kadence-column2965_4cf1cf-cc > .kt-inside-inner-col:before{opacity:0.3;}.kadence-column2965_4cf1cf-cc{position:relative;}@media all and (max-width: 1024px){.kadence-column2965_4cf1cf-cc > .kt-inside-inner-col{flex-direction:column;justify-content:center;}}@media all and (max-width: 767px){.kadence-column2965_4cf1cf-cc > .kt-inside-inner-col{flex-direction:column;justify-content:center;}}<\/style>\n<div class=\"wp-block-kadence-column kadence-column2965_4cf1cf-cc\"><div class=\"kt-inside-inner-col\">\n<h1 class=\"wp-block-heading\">Aviso Legal<\/h1>\n\n\n\n<h4 class=\"wp-block-heading\">1. DATOS IDENTIFICATIVOS<\/h4>\n\n\n\n<p>En cumplimiento con el deber de la informaci\u00f3n recogido en el art\u00edculo 10 de la Ley 34\/2002, de 11 de julio, de Servicios de la Sociedad de la Informaci\u00f3n y del Comercio Electr\u00f3nico, a continuaci\u00f3n se manifiestan los siguientes datos: la empresa titular de dominio web es Solidan\u00e7a Treball, Empresa de Inserci\u00f3n, SL. (en adelante Solidan\u00e7a), con domicilio a estos efectos en C\/Raval les Bebides, s\/n 08970 Sant Joan Desp\u00ed, Barcelona n\u00famero de C.I.F.: G61291894 inscrita en el registro mercantil . Correo electr\u00f3nico de contacto: <a href=\"mailto:solidan@solidanca.cat\">solidan@solidanca.cat<\/a> del sitio web.  <\/p>\n\n\n\n<h4 class=\"wp-block-heading\">2. USUARIOS<\/h4>\n\n\n\n<p>El acceso y\/o uso de este portal de Solidan\u00e7a atribuye la condici\u00f3n de USUARIO, que acepta, desde dicho acceso y\/o uso, las Condiciones Generales de Uso aqu\u00ed mostradas. Las citadas Condiciones ser\u00e1n de aplicaci\u00f3n independientemente de las Condiciones Generales de Contrataci\u00f3n que en su caso resulten de obligado cumplimiento. <\/p>\n\n\n\n<h4 class=\"wp-block-heading\">3. USO DEL PORTAL<\/h4>\n\n\n\n<p><a href=\"https:\/\/solidanca.cat\/avis-legal\/www.solidanca.cat\" target=\"_blank\" rel=\"noreferrer noopener\">www.solidanca.cat<\/a> proporciona acceso a multitud de informaciones, servicios, programas o datos (en adelante, \u201clos contenidos\u201d) de Internet pertenecientes a Solidan\u00e7a oa sus licenciantes a los que el USUARIO puede tener acceso. EL USUARIO asume la responsabilidad del uso del portal. Dicha responsabilidad se extiende al registro necesario para acceder a determinados servicios o contenidos.<br\/>En dicho registro el USUARIO ser\u00e1 responsable de aportar informaci\u00f3n veraz y l\u00edcita. Como consecuencia de este registro, al USUARIO se le puede proporcionar una contrase\u00f1a de la que ser\u00e1 responsable, comprometi\u00e9ndose a hacer un uso diligente y confidencial de la misma. El USUARIO se compromete a hacer un uso adecuado de los contenidos y servicios (como por ejemplo servicios de chat, foros de discusi\u00f3n o grupos de noticias) que Solidan\u00e7a ofrece a trav\u00e9s de su portal y con car\u00e1cter enunciativo pero no limitativo, a no utilizar para (i) incurrir en actividades il\u00edcitas, ilegales o contrarias a la buena fe y al orden p\u00fablico; (ii) difundir contenidos o propaganda de car\u00e1cter racista, xen\u00f3fobo, pornogr\u00e1fico-ilegal, de apolog\u00eda del terrorismo o atentatorio contra los derechos humanos; (iii) provocar da\u00f1os a los sistemas f\u00edsicos y l\u00f3gicos de Solidan\u00e7a, de sus proveedores o de terceras personas, introducir o difundir en la red virus inform\u00e1ticos o cualesquiera otros sistemas f\u00edsicos o l\u00f3gicos que sean susceptibles de provocar los da\u00f1os anteriormente mencionados; (iv) intentar acceder y, en su caso, utilizar las cuentas de correo electr\u00f3nico de otros usuarios y modificar o manipular sus mensajes.<br\/>Solidan\u00e7a se reserva el derecho de retirar todos aquellos comentarios y aportaciones que vulneren el respeto a la dignidad de la persona, que sean discriminatorios, xen\u00f3fobos, racistas, pornogr\u00e1ficos, que atenten contra la juventud o la infancia, el orden o la seguridad p\u00fablica o que, a su juicio, no resulten adecuados para su publicaci\u00f3n. En cualquier caso, Solidan\u00e7a no ser\u00e1 responsable de las opiniones vertidas por los usuarios a trav\u00e9s de foros, chats u otras herramientas de participaci\u00f3n.         <\/p>\n\n\n\n<h4 class=\"wp-block-heading\">4. PROTECCI\u00d3N DE DATOS<\/h4>\n\n\n\n<p>Solidan\u00e7a cumple con las directrices del Reglamento Europeo UE 2016\/679 de 27 de abril de 2016 relativo a la protecci\u00f3n de personas f\u00edsicas en lo que respecta al tratamiento de los datos personales ya la libre circulaci\u00f3n de estos datos. Por ello, junto con cada formulario de demanda de datos de car\u00e1cter personal, en los servicios que el usuario pueda solicitar a <a href=\"mailto:comunicacio@solidanca.cat\">comunicacion[arroba]solidanca.cat<\/a>, har\u00e1 saber al usuario de la existencia y aceptaci\u00f3n de las condiciones particulares del tratamiento de sus datos en cada caso, inform\u00e1ndole de la responsabilidad del Responsable del tratamiento y de sus colaboradores como encargado del tratamiento, el olvido. <\/p>\n\n\n\n<p>Asimismo, Solidan\u00e7a informa que da cumplimiento a la Ley 34\/2002 de 11 de julio, de Servicios de la Sociedad de la Informaci\u00f3n y el Comercio Electr\u00f3nico y le solicitar\u00e1 su consentimiento al tratamiento de su correo electr\u00f3nico con fines comerciales en cada momento.<\/p>\n\n\n\n<h4 class=\"wp-block-heading\">5. PROPIEDAD INTELECTUAL E INDUSTRIAL<\/h4>\n\n\n\n<p>Solidanza por s\u00ed o como cesionaria, es titular de todos los derechos de propiedad intelectual e industrial de su p\u00e1gina web, as\u00ed como de los elementos contenidos en la misma (a t\u00edtulo enunciativo, im\u00e1genes, sonido, audio, v\u00eddeo, software o textos; marcas o logotipos, combinaciones de colores, estructura y dise\u00f1o, selecci\u00f3n de materiales usados, programas de ordenador necesarios para su funcionamiento, acceso.<br\/>Todos los derechos reservados. En virtud de lo dispuesto en los art\u00edculos 8 y 32.1, p\u00e1rrafo segundo, de la Ley de Propiedad Intelectual, quedan expresamente prohibidas la reproducci\u00f3n, distribuci\u00f3n y comunicaci\u00f3n p\u00fablica, incluida su modalidad de puesta a disposici\u00f3n, de la totalidad o parte de los contenidos de esta p\u00e1gina web, con fines comerciales, en cualquier soporte y por cualquier medio t\u00e9cnico, sin la autorizaci\u00f3n. El USUARIO se compromete a respetar los derechos de Propiedad Intelectual e Industrial de titularidad de Solidan\u00e7a. Podr\u00e1 visualizar los elementos del portal e incluso imprimirlos, copiarlos y almacenarlos en el disco duro de su ordenador o en cualquier otro soporte f\u00edsico siempre y cuando sea, \u00fanica y exclusivamente, para uso personal y privado. El USUARIO deber\u00e1 abstenerse de suprimir, alterar, eludir o manipular cualquier dispositivo de protecci\u00f3n o sistema de seguridad que estuviera instalado en las p\u00e1ginas de Solidan\u00e7a.    <\/p>\n\n\n\n<h4 class=\"wp-block-heading\">6. EXCLUSI\u00d3N DE GARANT\u00cdAS Y RESPONSABILIDAD<\/h4>\n\n\n\n<p>Solidan\u00e7a no se hace responsable, en ning\u00fan caso, de los da\u00f1os y perjuicios de cualquier naturaleza que pudieran ocasionar, a t\u00edtulo enunciativo: errores u omisiones en los contenidos, falta de disponibilidad del portal o la transmisi\u00f3n de virus o programas maliciosos o lascivos en los contenidos, a pesar de haber adoptado todas las medidas tecnol\u00f3gicas necesarias para evitarlo.<\/p>\n\n\n\n<h4 class=\"wp-block-heading\">7. MODIFICACIONES<\/h4>\n\n\n\n<p>Solidan\u00e7a se reserva el derecho de efectuar sin previo aviso las modificaciones que considere oportunas en su portal, pudiendo cambiar, suprimir o a\u00f1adir tanto los contenidos y servicios que se presten a trav\u00e9s de la misma como la forma en que \u00e9stos aparecen presentados o localizados en su portal.<\/p>\n\n\n\n<h4 class=\"wp-block-heading\">8. ENLACES<\/h4>\n\n\n\n<p>En caso de que en <a href=\"https:\/\/solidanca.cat\/avis-legal\/www.solidanca.cat\" target=\"_blank\" rel=\"noreferrer noopener\">www.solidanca.cat<\/a> se dispusieran enlaces o hiperv\u00ednculos hacia otros sitios de Internet, Solidan\u00e7a no ejercer\u00e1 ning\u00fan tipo de control sobre estos sitios y contenidos. En ning\u00fan caso, Solidan\u00e7a asumir\u00e1 ninguna responsabilidad por los contenidos de alg\u00fan enlace perteneciente a un sitio web ajeno, ni garantizar\u00e1 la disponibilidad t\u00e9cnica, calidad, fiabilidad, exactitud, amplitud, veracidad, validez y constitucionalidad de cualquier material o informaci\u00f3n contenida en ninguno de dichos hiperv\u00ednculos u otros sitios de Internet. Igualmente, la inclusi\u00f3n de estas conexiones externas no implicar\u00e1 ning\u00fan tipo de asociaci\u00f3n, fusi\u00f3n o participaci\u00f3n con las entidades conectadas.  <\/p>\n\n\n\n<h4 class=\"wp-block-heading\">9. DERECHO DE EXCLUSI\u00d3N<\/h4>\n\n\n\n<p>Solidan\u00e7a se reserva el derecho a denegar o retirar el acceso a portal y\/o los servicios ofrecidos sin necesidad de preaviso, a instancia propia o de un tercero, a aquellos usuarios que incumplan las presentes Condiciones Generales de Uso.<\/p>\n\n\n\n<h4 class=\"wp-block-heading\">10.GENERALIDADES<\/h4>\n\n\n\n<p>Solidan\u00e7a perseguir\u00e1 el incumplimiento de las presentes condiciones as\u00ed como cualquier utilizaci\u00f3n indebida de su portal ejerciendo todas las acciones civiles y penales que le puedan corresponder por derecho.<\/p>\n\n\n\n<h4 class=\"wp-block-heading\">11. MODIFICACI\u00d3N DE LAS PRESENTES CONDICIONES Y DURACI\u00d3N<\/h4>\n\n\n\n<p>Solidan\u00e7a podr\u00e1 modificar en cualquier momento las condiciones aqu\u00ed determinadas, siendo debidamente publicadas como aqu\u00ed aparecen.<br\/>La vigencia de las citadas condiciones ir\u00e1 en funci\u00f3n de su exposici\u00f3n y estar\u00e1n vigentes hasta debidamente publicadas que sean modificadas por otras.<\/p>\n\n\n\n<h4 class=\"wp-block-heading\">12. LEGISLACI\u00d3N APLICABLE y JURISDICCI\u00d3N<\/h4>\n\n\n\n<p>La relaci\u00f3n entre Solidan\u00e7a y el USUARIO se regir\u00e1 por la normativa espa\u00f1ola vigente y cualquier controversia se someter\u00e1 a los juzgados y tribunales de la ciudad de Barcelona.<br\/>Aviso Legal redactado siguiendo el: Modelo de Aviso Legal web de Espa\u00f1a.<\/p>\n<\/div><\/div>\n\n<\/div><\/div>","protected":false},"excerpt":{"rendered":"<p>Aviso Legal 1. DATOS IDENTIFICATIVOS En cumplimiento con el deber de la informaci\u00f3n recogido en el art\u00edculo 10 de la Ley 34\/2002, de 11 de julio, de Servicios de la Sociedad de la Informaci\u00f3n y del Comercio Electr\u00f3nico, a continuaci\u00f3n se manifiestan los siguientes datos: la empresa titular de dominio web es Solidan\u00e7a Treball, Empresa&#8230;<\/p>\n","protected":false},"author":1,"featured_media":0,"parent":0,"menu_order":0,"comment_status":"closed","ping_status":"closed","template":"","meta":{"_uag_custom_page_level_css":"","_kad_blocks_custom_css":"","_kad_blocks_head_custom_js":"","_kad_blocks_body_custom_js":"","_kad_blocks_footer_custom_js":"","_kad_post_transparent":"","_kad_post_title":"","_kad_post_layout":"","_kad_post_sidebar_id":"","_kad_post_content_style":"","_kad_post_vertical_padding":"","_kad_post_feature":"","_kad_post_feature_position":"","_kad_post_header":false,"_kad_post_footer":false,"_kad_post_classname":"","footnotes":""},"class_list":["post-2977","page","type-page","status-publish","hentry"],"taxonomy_info":[],"featured_image_src_large":false,"author_info":{"display_name":"admin","author_link":"https:\/\/solidanca.cat\/es\/author\/empiezapori\/"},"comment_info":0,"uagb_featured_image_src":{"full":false,"thumbnail":false,"medium":false,"medium_large":false,"large":false,"1536x1536":false,"2048x2048":false},"uagb_author_info":{"display_name":"admin","author_link":"https:\/\/solidanca.cat\/es\/author\/empiezapori\/"},"uagb_comment_info":0,"uagb_excerpt":"Aviso Legal 1. DATOS IDENTIFICATIVOS En cumplimiento con el deber de la informaci\u00f3n recogido en el art\u00edculo 10 de la Ley 34\/2002, de 11 de julio, de Servicios de la Sociedad de la Informaci\u00f3n y del Comercio Electr\u00f3nico, a continuaci\u00f3n se manifiestan los siguientes datos: la empresa titular de dominio web es Solidan\u00e7a Treball, Empresa...","_links":{"self":[{"href":"https:\/\/solidanca.cat\/es\/wp-json\/wp\/v2\/pages\/2977","targetHints":{"allow":["GET"]}}],"collection":[{"href":"https:\/\/solidanca.cat\/es\/wp-json\/wp\/v2\/pages"}],"about":[{"href":"https:\/\/solidanca.cat\/es\/wp-json\/wp\/v2\/types\/page"}],"author":[{"embeddable":true,"href":"https:\/\/solidanca.cat\/es\/wp-json\/wp\/v2\/users\/1"}],"replies":[{"embeddable":true,"href":"https:\/\/solidanca.cat\/es\/wp-json\/wp\/v2\/comments?post=2977"}],"version-history":[{"count":1,"href":"https:\/\/solidanca.cat\/es\/wp-json\/wp\/v2\/pages\/2977\/revisions"}],"predecessor-version":[{"id":2978,"href":"https:\/\/solidanca.cat\/es\/wp-json\/wp\/v2\/pages\/2977\/revisions\/2978"}],"wp:attachment":[{"href":"https:\/\/solidanca.cat\/es\/wp-json\/wp\/v2\/media?parent=2977"}],"curies":[{"name":"wp","href":"https:\/\/api.w.org\/{rel}","templated":true}]}}